{"id":1006,"date":"2022-05-03T11:13:06","date_gmt":"2022-05-03T08:13:06","guid":{"rendered":"https:\/\/lactalis-alba.md\/nota-informativa-privind-protectia-datelor\/"},"modified":"2022-05-04T12:22:00","modified_gmt":"2022-05-04T09:22:00","slug":"nota-informativa-privind-protectia-datelor","status":"publish","type":"page","link":"https:\/\/lactalis-alba.md\/ru\/nota-informativa-privind-protectia-datelor\/","title":{"rendered":"Nota informativ\u0103 privind protec\u021bia datelor"},"content":{"rendered":"<h2><b>Nota de informare privind protec\u021bia datelor cu caracter personal<\/b><\/h2>\n<ul>\n<li aria-level=\"1\"><b>Identitatea \u0219i datele de contact ale operatorului \u0219i ale reprezentantului acestuia<\/b><\/li>\n<\/ul>\n<ol>\n<li style=\"font-weight: 400;\" aria-level=\"1\"><span style=\"font-weight: 400;\">,,Lactalis-Alba\u201d SRL,<\/span> <span style=\"font-weight: 400;\">IDNO 1003600027672 cu sediul \u00eenregistrat \u00een mun. Chi\u015fin\u0103u, str. Pu\u0219kin 45b, Republica Moldova reprezint\u0103 o persoan\u0103 juridic\u0103 de drept privat (societatea cu r\u0103spundere limitat\u0103<\/span><span style=\"font-weight: 400;\">).\u00a0<\/span><\/li>\n<\/ol>\n<ul>\n<li aria-level=\"1\"><b>Cadrul juridic aplicabil \u0219i jurisdic\u021bia<\/b><\/li>\n<\/ul>\n<ol>\n<li style=\"font-weight: 400;\" aria-level=\"1\"><span style=\"font-weight: 400;\">La prelucrarea datelor cu caracter personal, se vor aplica \u00een mod corespunz\u0103tor cerin\u021bele urm\u0103toarelor acte:<\/span><\/li>\n<\/ol>\n<ul>\n<li style=\"font-weight: 400;\" aria-level=\"1\"><span style=\"font-weight: 400;\">Conven\u021bia nr. 108 pentru protec\u021bia persoanelor referitor la prelucrarea automatizat\u0103 a datelor cu caracter personal;<\/span><\/li>\n<li style=\"font-weight: 400;\" aria-level=\"1\"><span style=\"font-weight: 400;\">Regulamentul nr. 679\/2016 privind protec\u021bia persoanelor fizice \u00een ceea ce prive\u0219te prelucrarea datelor cu caracter personal \u0219i privind libera circula\u021bie a acestor date \u0219i de abrogare a Directivei 95\/46\/CE (Regulamentul general privind protec\u021bia datelor) https:\/\/eur-lex.europa.eu\/legal-content\/RO\/TXT\/?uri=CELEX%3A32016R0679;<\/span><\/li>\n<li style=\"font-weight: 400;\" aria-level=\"1\"><span style=\"font-weight: 400;\">Legea nr. 133 din 08.07.2011 privind protec\u021bia datelor cu caracter personal.<\/span><\/li>\n<\/ul>\n<p>&nbsp;<\/p>\n<ul>\n<li aria-level=\"1\"><b>Scopul prelucr\u0103rii datelor \u0219i temeiul legal<\/b><\/li>\n<\/ul>\n<ol>\n<li style=\"font-weight: 400;\" aria-level=\"1\"><span style=\"font-weight: 400;\">Av\u00e2nd \u00een vedere c\u0103 obiectul de baz\u0103 al activit\u0103\u021bii operatorului de date cu caracter persoanl constituie producerea \u0219i v\u00e2nzarea produselor lactate (br\u00e2nzeturilor cu cheag tare (ca\u0219cavalul), a laptelui, \u0219i sm\u00e2nt\u00e2nii, br\u00e2nzei, chefirului, untului \u0219i iaurturilor de b\u0103ut (yoli)), scopul prelucr\u0103rii informa\u021biilor ce con\u021bin date cu caracter personal \u00een sistemul de eviden\u021b\u0103 beneficiarii contractuali const\u0103 \u00een:<\/span><\/li>\n<\/ol>\n<p><span style=\"font-weight: 400;\">&#8212; producerea \u0219i v\u00e2nzarea produselor lactate \u2013 \u00een temeiul contractului \u0219i\/sau ac\u021biunilor necesar \u00een vederea \u00eencheierii contractului, la cererea subiectului de date;<\/span><\/p>\n<p><span style=\"font-weight: 400;\">&#8212; asisten\u021b\u0103 \u00een leg\u0103tur\u0103 cu cerin\u021bele de conformitate din domeniul protec\u021biei consumatorului \u00een leg\u0103tur\u0103 cu producerea \u0219i comercializarea produselor lactate \u2013 \u00een temeiul obliga\u021biilor legale din domeniul protec\u021biei consumatorilor;\u00a0<\/span><\/p>\n<p><span style=\"font-weight: 400;\">&#8212; prospectare comercial\u0103\/marketing direct \u2013 \u00een temeiul consim\u021b\u0103m\u00e2ntului subiec\u021bilor viza\u021bi \u0219i\/sau \u00een baza contractului;<\/span><\/p>\n<p><span style=\"font-weight: 400;\">&#8212; statistic &#8212; \u00een temeiul Legi nr. 93\/2017 cu privire la statistica oficial\u0103;\u00a0<\/span><\/p>\n<p><span style=\"font-weight: 400;\">&#8212; onorarea altor obliga\u021bii ce rezult\u0103 din raportul juridic stabilit cu beneficiarul (asigurarea implement\u0103rii rela\u021biilor economice \u0219i civile \u00een domeniul comer\u021bului cu produsele sub marca comercial\u0103 Alba, \u00eendeplinirea altor obliga\u021bii) \u2013 \u00een conformitate cu legisla\u021bia.<\/span><\/p>\n<ul>\n<li aria-level=\"1\"><b>Categoriile de date cu caracter personal prelucrate<\/b><\/li>\n<\/ul>\n<p>&nbsp;<\/p>\n<ol>\n<li style=\"font-weight: 400;\" aria-level=\"1\"><span style=\"font-weight: 400;\">Operatorul poate colecta urm\u0103toarele categorii de date cu caracter personal:\u00a0<\/span><\/li>\n<\/ol>\n<p><span style=\"font-weight: 400;\">&#8212; numele, prenumele;<\/span><\/p>\n<p><span style=\"font-weight: 400;\">&#8212; sexul;<\/span><\/p>\n<p><span style=\"font-weight: 400;\">&#8212; data \u0219i locul na\u0219terii;<\/span><\/p>\n<p><span style=\"font-weight: 400;\">-semn\u0103tura;<\/span><\/p>\n<p><span style=\"font-weight: 400;\">&#8212; date din certificatul de \u00eenmatriculare;<\/span><\/p>\n<p><span style=\"font-weight: 400;\">-telefon mobil;<\/span><\/p>\n<p><span style=\"font-weight: 400;\">&#8212; e-mail;<\/span><\/p>\n<p><span style=\"font-weight: 400;\">&#8212; date bancare;<\/span><\/p>\n<p><span style=\"font-weight: 400;\">&#8212; cet\u0103\u021benia;<\/span><\/p>\n<p><span style=\"font-weight: 400;\">&#8212; semn\u0103tura digital\u0103;<\/span><\/p>\n<p><span style=\"font-weight: 400;\">&#8212; date din permisul de conducere;<\/span><\/p>\n<p><span style=\"font-weight: 400;\">&#8212; telefon fax;<\/span><\/p>\n<p><span style=\"font-weight: 400;\">&#8212; adresa de domiciliu;<\/span><\/p>\n<p><span style=\"font-weight: 400;\">&#8212; IDNP;<\/span><\/p>\n<p><span style=\"font-weight: 400;\">&#8212; datele privind bunurile de\u021binute;<\/span><\/p>\n<p><span style=\"font-weight: 400;\">&#8212; cookie;<\/span><\/p>\n<p><span style=\"font-weight: 400;\">&#8212; date din buletinul de identitate, alte date ce decurg din rela\u021biile de afacere ini\u021biate.<\/span><\/p>\n<ol>\n<li style=\"font-weight: 400;\" aria-level=\"1\"><span style=\"font-weight: 400;\">\u00cen dependen\u021b\u0103 de tipul contractului \u0219i\/sau a serviciilor\/raporturilor solicitate, ne-consemnarea categoriilor de date cu caracter personal enun\u021bate supra, ar putea duce la imposibilitatea prest\u0103rii serviciilor solicitate.\u00a0<\/span><\/li>\n<\/ol>\n<p>&nbsp;<\/p>\n<ul>\n<li aria-level=\"1\"><b>Modul de colectare \u0219i de prelucrare a datelor cu caracter personal<\/b><\/li>\n<\/ul>\n<p>&nbsp;<\/p>\n<ol>\n<li style=\"list-style-type: none;\">\n<ol>\n<li style=\"font-weight: 400;\" aria-level=\"1\"><span style=\"font-weight: 400;\">Datele cu caracter personal sunt prelucrate de c\u0103tre operatorul de date manual, automatizat sau mixt. Datele cu caracter personal prelucrate manual se refer\u0103 la datele care pot fi colectate \u0219i ulterior prelucrate pe suport de h\u00e2rtie (contracte v\u00e2nzare\/cump\u0103rare\/prestare servicii etc.), \u00een mod automatizat se refer\u0103 la datele colectate prin email, \u00een mod mixt, se refer\u0103 la datele care pot fi colectate prin solu\u021bia web automatizat sau prin telefon iar ulterior prelucrate pe suport de h\u00e2rtie.<\/span><\/li>\n<li style=\"font-weight: 400;\" aria-level=\"1\"><span style=\"font-weight: 400;\">Operatorul va prelucra datele cu caracter personal mixt, cu excep\u021bia situa\u021biilor \u00een care subiectul datelor \u00ee\u0219i va manifesta dreptul de a nu fi supus unei decizii individuale sau a dreptului de opozi\u021bie.<\/span><\/li>\n<li style=\"font-weight: 400;\" aria-level=\"1\"><span style=\"font-weight: 400;\">Datele cu caracter personal pot fi colectate de la subiectul de date cu caracter personal sau de la alte persoane care de\u021bin consim\u021b\u0103m\u00e2ntul subiectului de date cu caracter personal vizat pentru astfel de opera\u021biuni de prelucrare a datelor.\u00a0<\/span><\/li>\n<li style=\"font-weight: 400;\" aria-level=\"1\"><span style=\"font-weight: 400;\">Operatorul de date nu utilizeaz\u0103 alte surse publice sau private \u00een scopul atribuirii de noi informa\u021bii profilului electronic creat cu excep\u021bia cazului \u00een care prelucrarea este bazat\u0103 pe consim\u021b\u0103m\u00e2ntul subiectului de date sau pe un alt temei legal.\u00a0<\/span><\/li>\n<li style=\"font-weight: 400;\" aria-level=\"1\"><span style=\"font-weight: 400;\">Datele cu caracter personal pot fi accesate \u00een sistemul de eviden\u021b\u0103 beneficiarii contractuali de c\u0103tre angaja\u021bii operatorului sau a grupului de operatori Lactalis sau dup\u0103 caz a persoanei \u00eemputernicite de c\u0103tre operator conform atribu\u021biilor func\u021bionale, de c\u0103tre subiectul de date vizat sau de c\u0103tre persoanele ce de\u021bin consim\u021b\u0103m\u00e2ntul subiectului de date, sau de c\u0103tre organele de control, la cererea motivat\u0103 a acestora.\u00a0<\/span><\/li>\n<li style=\"font-weight: 400;\" aria-level=\"1\"><span style=\"font-weight: 400;\">Datele cu caracter personal nu pot fi transmise sau utilizate de c\u0103tre alte companii \u00een alte scopuri dec\u00e2t cele pentru care au fost colectate ini\u021bial, cu excep\u021bia situa\u021biei \u00een care exist\u0103 consim\u021b\u0103m\u00e2ntul subiec\u021bilor de date cu caracter personal sau un alt temei legal.<\/span><\/li>\n<li style=\"font-weight: 400;\" aria-level=\"1\"><span style=\"font-weight: 400;\">\u00cen fiecare situa\u021bie \u00een care va fi modificat modul de prelucrare a datelor cu caracter personal, subiec\u021bii de date vor fi preaviza\u021bi, oferindu-li-se un termen rezonabil privind oferirea consim\u021b\u0103m\u00e2ntului sau manifest\u0103rii dreptului de opozi\u021bie \u00een acest sens precum \u0219i adaptate procedurile organizatorice \u0219i tehnice interne.<\/span><\/li>\n<\/ol>\n<\/li>\n<\/ol>\n<ul>\n<li aria-level=\"1\"><span style=\"font-weight: 400;\">\u00cen cazul \u00een care informa\u021bia cu accesibilitate limitat\u0103 este utilizat\u0103 de c\u0103tre angaja\u021bii companiei sau a persoanei \u00eemputernicite de c\u0103tre operator \u00een alte scopuri dec\u00e2t cele prestabilite expres de operator, aceste activit\u0103\u021bi se consider\u0103 a fi contrare acestor reglement\u0103ri, \u00een acest sens, angajatul se va constitui \u00een calitate de operator de date distinct de companie.<\/span><\/li>\n<\/ul>\n<ul>\n<li aria-level=\"1\"><b>Stocarea datelor cu caracter personal<\/b><\/li>\n<\/ul>\n<ol>\n<li style=\"font-weight: 400;\" aria-level=\"1\"><span style=\"font-weight: 400;\">Datele cu caracter personal care au fost colectate manual, sunt stocate \u00een sistemul de eviden\u021b\u0103 a beneficiarilor contractuali la sediul operatorului de date cu caracter personal sub form\u0103 de cartotec\u0103, accesul la care este restric\u021bionat, fiind amenajat o camer\u0103 special\u0103 cu privire la \u021binerea documentelor de arhiv\u0103.<\/span><\/li>\n<li style=\"font-weight: 400;\" aria-level=\"1\"><span style=\"font-weight: 400;\">Datele cu caracter personal colectate automatizat sau mixt sunt stocate \u00een sistemul de eviden\u021b\u0103 beneficiarii contractuali care este dislocat fizic \u00een Republica Moldova, Federa\u021bia Rus\u0103 \u0219i Spa\u021biul Economic European.<\/span><\/li>\n<li style=\"font-weight: 400;\" aria-level=\"1\"><span style=\"font-weight: 400;\">Datele cu caracter personal vor fi stocate de c\u0103tre compania ,,Lactalis-Alba\u201d SRL pe toat\u0103 perioada existen\u021bei raporturilor juridice de prestare a serviciilor, iar dup\u0103 terminarea rela\u021biei de afaceri, pe o perioada de 5 ani pe suport de h\u00e2rtie \u0219i ulterior, p\u00e2n\u0103 la 5 ani \u00een format electronic, \u00een conformitate cu art. 9 alin. (1), (2) \u0219i (6) din Legea nr. 308\/2017 privind combaterea sp\u0103l\u0103rii banilor \u0219i finan\u021barea terorismului.<\/span><\/li>\n<li style=\"font-weight: 400;\" aria-level=\"1\"><span style=\"font-weight: 400;\">\u00cen cazul \u00een care subiectul de date cu caracter personal nu va dori s\u0103 beneficieze de serviciile companiei, la cererea acestuia, datele cu caracter personal care-l vizeaz\u0103 vor fi:<\/span><\/li>\n<\/ol>\n<ol>\n<li style=\"font-weight: 400;\" aria-level=\"3\"><span style=\"font-weight: 400;\">Transformate \u00een date de arhiv\u0103;<\/span><\/li>\n<li style=\"font-weight: 400;\" aria-level=\"3\"><span style=\"font-weight: 400;\">Datele cu caracter personal vor fi pseudonimizate \u00een cazul \u00een care subiectul de date va permite acest fapt;<\/span><\/li>\n<li style=\"font-weight: 400;\" aria-level=\"3\"><span style=\"font-weight: 400;\">Datele cu caracter personal vor fi anonimizate;<\/span><\/li>\n<li style=\"font-weight: 400;\" aria-level=\"3\"><span style=\"font-weight: 400;\">Datele cu caracter personal vor fi \u0219terse sau distruse ireversibil.\u00a0<\/span><\/li>\n<\/ol>\n<p>&nbsp;<\/p>\n<ul>\n<li aria-level=\"1\"><b>Destinatarii datelor cu caracter personal<\/b><\/li>\n<\/ul>\n<ol>\n<li style=\"font-weight: 400;\" aria-level=\"1\"><span style=\"font-weight: 400;\">Operatorul poate dezv\u0103lui datele cu caracter personal c\u0103tre:<\/span>\n<ol>\n<li style=\"font-weight: 400;\" aria-level=\"2\"><span style=\"font-weight: 400;\">Subiec\u021bii datelor cu caracter personal;<\/span><\/li>\n<li style=\"font-weight: 400;\" aria-level=\"2\"><span style=\"font-weight: 400;\">Altor companii din Grupul Lactalis;<\/span><\/li>\n<li style=\"font-weight: 400;\" aria-level=\"2\"><span style=\"font-weight: 400;\">Reprezentan\u021bilor legali ai subiec\u021bilor de date cu caracter personal;<\/span><\/li>\n<li style=\"font-weight: 400;\" aria-level=\"2\"><span style=\"font-weight: 400;\">Partenerilor contractuali ai operatorului de date \u0219i\/sau subcontractorilor.<\/span><\/li>\n<\/ol>\n<\/li>\n<li style=\"font-weight: 400;\" aria-level=\"1\"><span style=\"font-weight: 400;\">Transmiterea c\u0103tre alte persoane ter\u021be este interzis\u0103.<\/span><\/li>\n<\/ol>\n<ul>\n<li aria-level=\"1\"><b>Transmiterea transfrontalier\u0103 a datelor cu caracter personal<\/b><\/li>\n<\/ul>\n<ol>\n<li style=\"font-weight: 400;\" aria-level=\"1\"><span style=\"font-weight: 400;\">Datele cu caracter personal colectate vor fi transmise transfrontalier, c\u0103tre infrastructura de lucru a operatorului pus\u0103 la dispozi\u021bie de c\u0103tre Grupul Lactalis amplasat\u0103 \u00een Federa\u021bia Rus\u0103 \u0219i\/sau \u00een Spa\u021biul Economic European. Transmiterea datelor c\u0103tre aceast\u0103 persoan\u0103 \u00eemputernicite are loc \u00een baza Acordului \u00eencheiat cu aceasta, care asigur\u0103 m\u0103suri organizatori ce tehnice adecvate din punct de vedere a protec\u021biei datelor cu caracter personal.<\/span><\/li>\n<\/ol>\n<p>&nbsp;<\/p>\n<ul>\n<li aria-level=\"1\"><b>Drepturile subiec\u021bilor de date cu caracter personal<\/b><\/li>\n<\/ul>\n<p>&nbsp;<\/p>\n<ol>\n<li style=\"font-weight: 400;\" aria-level=\"1\"><b>Dreptul la informare<\/b><span style=\"font-weight: 400;\"> &#8212; const\u0103 \u00een dreptul de a fi informat \u00eenainte de a fi colectate \u0219i prelucrate datele cu caracter personal cu privire la identitatea operatorului, scopul \u00een care se face prelucrarea datelor, destinatarii sau categoriile de destinatari ai datelor, existen\u021ba drepturilor prev\u0103zute de Legea privind protec\u021bia datelor cu caracter personal, precum \u0219i condi\u021biile \u00een care pot fi exercitate.<\/span><\/li>\n<li style=\"font-weight: 400;\" aria-level=\"1\"><b>Dreptul de acces la date<\/b><span style=\"font-weight: 400;\"> &#8212; const\u0103 \u00een dreptul de a ob\u021bine de la operator \u00een temeiul unei cereri, confirmarea\/infirmarea faptului dac\u0103 datele cu caracter personal care-l vizeaz\u0103 au fost sau nu prelucrate, informa\u021bii referitoare la scopurile \u0219i categoriile de date prelucrate, destinatarii sau categoriile de destinatari c\u0103rora le s\u00e2nt dezv\u0103luite datele, modul \u00een care se efectueaz\u0103 prelucrarea automatizat\u0103 a datelor, consecin\u021bele juridice generate de prelucrarea datelor pentru subiectul de date \u0219i modul de exercitare a dreptului de interven\u021bie asupra datelor cu caracter personal.<\/span><\/li>\n<li style=\"font-weight: 400;\" aria-level=\"1\"><b>Dreptul de interven\u021bie &#8212;<\/b><span style=\"font-weight: 400;\"> const\u0103 \u00een ob\u021binerea \u00een baza unei cereri, rectificarea, actualizarea, blocarea, \u0219tergerea sau transformarea \u00een date anonime a informa\u021biilor a c\u0103ror prelucrare nu este conform\u0103 cu cerin\u021bele Legii privind protec\u021bia datelor cu caracter personal, \u00een special a datelor incomplete sau inexacte.<\/span><\/li>\n<li style=\"font-weight: 400;\" aria-level=\"1\"><b>Dreptul de opozi\u021bie<\/b><span style=\"font-weight: 400;\"> &#8212; const\u0103 \u00een dreptul de a se opune \u00een orice moment, din motive \u00eentemeiate \u0219i legitime legate de situa\u021bia sa particular\u0103, c\u0103 datele care \u00eel vizeaz\u0103 s\u0103 fac\u0103 obiectul unei prelucr\u0103ri, cu excep\u021bia cazurilor \u00een care exist\u0103 dispozi\u021bii legale care prev\u0103d altfel.\u00a0<\/span><\/li>\n<li style=\"font-weight: 400;\" aria-level=\"1\"><b>Dreptul de a nu fi supus unei decizii individuale<\/b><span style=\"font-weight: 400;\"> &#8212; const\u0103 \u00een posibilitatea de a cere \u0219i de a ob\u021bine retragerea, anularea sau reevaluarea oric\u0103rei decizii care produce efecte juridice \u00een privin\u021ba subiectului de date care a fost adoptat\u0103 exclusiv pe baza unei prelucr\u0103ri automatizate destinate s\u0103 evalueze unele aspecte ale personalit\u0103\u021bii sale, precum competen\u021ba profesional\u0103, credibilitatea, comportamentul ori alte asemenea aspecte.<\/span><\/li>\n<li style=\"font-weight: 400;\" aria-level=\"1\"><b>Dreptul la justi\u021bie<\/b><span style=\"font-weight: 400;\"> &#8212; const\u0103 \u00een dreptul de a se adresa Centrului Na\u021bional pentru Protec\u021bia Datelor cu Caracter Personal sau instan\u021bei de judecat\u0103, pentru ap\u0103rarea sau repunerea \u00een\u00a0 drepturile lezate.<\/span><\/li>\n<\/ol>\n<p>&nbsp;<\/p>\n<ul>\n<li aria-level=\"1\"><b>Datele de contact ale responsabilului de protec\u021bia datelor<\/b><\/li>\n<\/ul>\n<p>&nbsp;<\/p>\n<ol>\n<li style=\"font-weight: 400;\" aria-level=\"1\"><span style=\"font-weight: 400;\">\u00cen scopul de a asigura un nivel adecvat de protec\u021bie a datelor cu caracter personal precum \u0219i pentru a realiza un control independent \u0219i calitativ asupra nivelului de conformitate atunci c\u00e2nd prelucr\u0103m datele cu caracter personal care V\u0103 vizeaz\u0103, dar \u0219i av\u00e2nd \u00een vedere obliga\u021biile legale prev\u0103zute de legisla\u021bia na\u021bional\u0103 \u0219i european\u0103 (a se vedea art. 37 din GDPR \u0219i art. 25 din Legea nr. 133\/2011 privind protec\u021bia datelor cu caracter personal), noi am desemnat \u00een calitate de responsabil de protec\u021bia datelor cu caracter personal (data protection officer) \u2013 compania ,,Privacy by Default\u201d SRL. DPO-ul poate fi contactat la adresa de email: <\/span><a href=\"mailto:office@gdpr.md\"><span style=\"font-weight: 400;\">office@gdpr.md<\/span><\/a><span style=\"font-weight: 400;\">.<\/span><\/li>\n<li style=\"font-weight: 400;\" aria-level=\"1\"><span style=\"font-weight: 400;\">\u00cen rela\u021bia cu clien\u021bii, angaja\u021bii \u0219i vizitatorii no\u0219tri, aceasta este avocatul dvs. \u00een raport cu noi \u0219i are sarcina de a gestiona solu\u021bionarea cererilor \u0219i pl\u00e2ngerilor depuse de dvs., \u0219i totodat\u0103, reprezint\u0103 capacitatea noastr\u0103 de a demonstra un arbitraj independent \u00een ceea ce prive\u0219te conformitatea opera\u021biunilor de prelucrare a datelor cu caracter personal realizate \u00een raport cu drepturile de care dispune\u021bi Dvs. precum \u0219i cerin\u021bele din domeniul protec\u021biei datelor cu caracter personal. Ofi\u021berul cu protec\u021bia datelor cu caracter personal fiind notificat c\u0103tre Centrul Na\u021bional pentru Protec\u021bia Datelor cu Caracter Personal.<\/span><\/li>\n<\/ol>\n<p>&nbsp;<\/p>\n<ul>\n<li aria-level=\"1\"><b>Dreptul de a depune o pl\u00e2ngere la Autoritatea de supraveghere\u00a0<\/b><\/li>\n<\/ul>\n<p><b><\/b><br \/>\n<b><\/b><\/p>\n<ul>\n<li aria-level=\"1\"><span style=\"font-weight: 400;\">Subiec\u021bii de date cu caracter personal<\/span> <span style=\"font-weight: 400;\">care consider\u0103 c\u0103 prelucrarea datelor sale nu este conform\u0103 cu cerin\u021bele legisla\u021biei din domeniul protec\u021biei datelor cu caracter personal pot \u00eenainta operatorului, iar apoi Centrului Na\u021bional pentru Protec\u021bia Datelor cu Caracter Personal o pl\u00e2ngere \u00een termen de 30 de zile din momentul depist\u0103rii \u00eenc\u0103lc\u0103rii (mun. Chi\u0219in\u0103u, str. Serghei Lazo 48, email &#8212; <\/span><a href=\"mailto:centru@datepersonale.md\"><span style=\"font-weight: 400;\">centru@datepersonale.md<\/span><\/a><span style=\"font-weight: 400;\">, 0037322 811 807).<\/span><\/li>\n<\/ul>\n","protected":false},"excerpt":{"rendered":"<p>Nota de informare privind protec\u021bia datelor cu caracter personal Identitatea \u0219i datele de contact ale [&hellip;]<\/p>\n","protected":false},"author":2,"featured_media":0,"parent":0,"menu_order":0,"comment_status":"closed","ping_status":"closed","template":"","meta":[],"acf":[],"yoast_head":"<!-- This site is optimized with the Yoast SEO plugin v15.8 - https:\/\/yoast.com\/wordpress\/plugins\/seo\/ -->\n<title>Nota informativ\u0103 privind protec\u021bia datelor - Lactalis Alba<\/title>\n<meta name=\"robots\" content=\"index, follow, max-snippet:-1, max-image-preview:large, max-video-preview:-1\" \/>\n<link rel=\"canonical\" href=\"https:\/\/lactalis-alba.md\/ru\/nota-informativa-privind-protectia-datelor\/\" \/>\n<meta property=\"og:locale\" content=\"ru_RU\" \/>\n<meta property=\"og:type\" content=\"article\" \/>\n<meta property=\"og:title\" content=\"Nota informativ\u0103 privind protec\u021bia datelor - Lactalis Alba\" \/>\n<meta property=\"og:description\" content=\"Nota de informare privind protec\u021bia datelor cu caracter personal Identitatea \u0219i datele de contact ale [&hellip;]\" \/>\n<meta property=\"og:url\" content=\"https:\/\/lactalis-alba.md\/ru\/nota-informativa-privind-protectia-datelor\/\" \/>\n<meta property=\"og:site_name\" content=\"Lactalis Alba\" \/>\n<meta property=\"article:publisher\" content=\"https:\/\/www.facebook.com\/Lactalis-group-143310162402399\/\" \/>\n<meta property=\"article:modified_time\" content=\"2022-05-04T09:22:00+00:00\" \/>\n<meta property=\"og:image\" content=\"https:\/\/lactalis-alba.md\/wp-content\/uploads\/2019\/05\/lactalis.png\" \/>\n\t<meta property=\"og:image:width\" content=\"1310\" \/>\n\t<meta property=\"og:image:height\" content=\"938\" \/>\n<meta name=\"twitter:card\" content=\"summary_large_image\" \/>\n<meta name=\"twitter:site\" content=\"@groupe_lactalis\" \/>\n<meta name=\"twitter:label1\" content=\"\u041f\u0440\u0438\u043c\u0435\u0440\u043d\u043e\u0435 \u0432\u0440\u0435\u043c\u044f \u0434\u043b\u044f \u0447\u0442\u0435\u043d\u0438\u044f\">\n\t<meta name=\"twitter:data1\" content=\"8 \u043c\u0438\u043d\u0443\u0442\">\n<script type=\"application\/ld+json\" class=\"yoast-schema-graph\">{\"@context\":\"https:\/\/schema.org\",\"@graph\":[{\"@type\":\"Organization\",\"@id\":\"https:\/\/lactalis-alba.md\/#organization\",\"name\":\"Lactalis Alba\",\"url\":\"https:\/\/lactalis-alba.md\/\",\"sameAs\":[\"https:\/\/www.facebook.com\/Lactalis-group-143310162402399\/\",\"https:\/\/www.instagram.com\/p\/BwEx80KHVVA\/\",\"https:\/\/twitter.com\/groupe_lactalis\"],\"logo\":{\"@type\":\"ImageObject\",\"@id\":\"https:\/\/lactalis-alba.md\/#logo\",\"inLanguage\":\"ru-RU\",\"url\":\"https:\/\/lactalis-alba.md\/wp-content\/uploads\/2019\/05\/logo-1.png\",\"width\":179,\"height\":59,\"caption\":\"Lactalis Alba\"},\"image\":{\"@id\":\"https:\/\/lactalis-alba.md\/#logo\"}},{\"@type\":\"WebSite\",\"@id\":\"https:\/\/lactalis-alba.md\/#website\",\"url\":\"https:\/\/lactalis-alba.md\/\",\"name\":\"Lactalis Alba\",\"description\":\"\",\"publisher\":{\"@id\":\"https:\/\/lactalis-alba.md\/#organization\"},\"potentialAction\":[{\"@type\":\"SearchAction\",\"target\":\"https:\/\/lactalis-alba.md\/?s={search_term_string}\",\"query-input\":\"required name=search_term_string\"}],\"inLanguage\":\"ru-RU\"},{\"@type\":\"WebPage\",\"@id\":\"https:\/\/lactalis-alba.md\/ru\/nota-informativa-privind-protectia-datelor\/#webpage\",\"url\":\"https:\/\/lactalis-alba.md\/ru\/nota-informativa-privind-protectia-datelor\/\",\"name\":\"Nota informativ\\u0103 privind protec\\u021bia datelor - Lactalis Alba\",\"isPartOf\":{\"@id\":\"https:\/\/lactalis-alba.md\/#website\"},\"datePublished\":\"2022-05-03T08:13:06+00:00\",\"dateModified\":\"2022-05-04T09:22:00+00:00\",\"breadcrumb\":{\"@id\":\"https:\/\/lactalis-alba.md\/ru\/nota-informativa-privind-protectia-datelor\/#breadcrumb\"},\"inLanguage\":\"ru-RU\",\"potentialAction\":[{\"@type\":\"ReadAction\",\"target\":[\"https:\/\/lactalis-alba.md\/ru\/nota-informativa-privind-protectia-datelor\/\"]}]},{\"@type\":\"BreadcrumbList\",\"@id\":\"https:\/\/lactalis-alba.md\/ru\/nota-informativa-privind-protectia-datelor\/#breadcrumb\",\"itemListElement\":[{\"@type\":\"ListItem\",\"position\":1,\"item\":{\"@type\":\"WebPage\",\"@id\":\"https:\/\/lactalis-alba.md\/ru\/\",\"url\":\"https:\/\/lactalis-alba.md\/ru\/\",\"name\":\"Home\"}},{\"@type\":\"ListItem\",\"position\":2,\"item\":{\"@type\":\"WebPage\",\"@id\":\"https:\/\/lactalis-alba.md\/ru\/nota-informativa-privind-protectia-datelor\/\",\"url\":\"https:\/\/lactalis-alba.md\/ru\/nota-informativa-privind-protectia-datelor\/\",\"name\":\"Nota informativ\\u0103 privind protec\\u021bia datelor\"}}]}]}<\/script>\n<!-- \/ Yoast SEO plugin. -->","_links":{"self":[{"href":"https:\/\/lactalis-alba.md\/ru\/wp-json\/wp\/v2\/pages\/1006"}],"collection":[{"href":"https:\/\/lactalis-alba.md\/ru\/wp-json\/wp\/v2\/pages"}],"about":[{"href":"https:\/\/lactalis-alba.md\/ru\/wp-json\/wp\/v2\/types\/page"}],"author":[{"embeddable":true,"href":"https:\/\/lactalis-alba.md\/ru\/wp-json\/wp\/v2\/users\/2"}],"replies":[{"embeddable":true,"href":"https:\/\/lactalis-alba.md\/ru\/wp-json\/wp\/v2\/comments?post=1006"}],"version-history":[{"count":5,"href":"https:\/\/lactalis-alba.md\/ru\/wp-json\/wp\/v2\/pages\/1006\/revisions"}],"predecessor-version":[{"id":1027,"href":"https:\/\/lactalis-alba.md\/ru\/wp-json\/wp\/v2\/pages\/1006\/revisions\/1027"}],"wp:attachment":[{"href":"https:\/\/lactalis-alba.md\/ru\/wp-json\/wp\/v2\/media?parent=1006"}],"curies":[{"name":"wp","href":"https:\/\/api.w.org\/{rel}","templated":true}]}}