{"id":976,"date":"2022-04-14T09:18:29","date_gmt":"2022-04-14T06:18:29","guid":{"rendered":"https:\/\/lactalis-alba.md\/politica-de-calitate\/"},"modified":"2022-04-14T16:52:48","modified_gmt":"2022-04-14T13:52:48","slug":"politika-kachestva","status":"publish","type":"page","link":"https:\/\/lactalis-alba.md\/ru\/politika-kachestva\/","title":{"rendered":"\u041f\u043e\u043b\u0438\u0442\u0438\u043a\u0430 \u043a\u0430\u0447\u0435\u0441\u0442\u0432\u0430 \u0433\u0440\u0443\u043f\u043f\u044b \u041b\u0430\u043a\u0442\u0430\u043b\u0438\u0441"},"content":{"rendered":"<p>Cele 2 condi\u021bii cheie pentru a consolida pozi\u021bia noastr\u0103 de lider pe pia\u021ba mondial\u0103 sunt capacitatea de schimbare \u0219i \u00eembun\u0103t\u0103\u021birea calit\u0103\u021bii.<\/p>\n<p>Politica de calitate a Grupului indentific\u0103 6 priorit\u0103\u021bi \u0219i 4 angajamente referitoare la \u00eembun\u0103t\u0103\u021birea continu\u0103 a calit\u0103\u021bii produselor \u0219i satisfacerea clien\u021bilor \u0219i consumatorilor nostri.<\/p>\n","protected":false},"excerpt":{"rendered":"<p>Cele 2 condi\u021bii cheie pentru a consolida pozi\u021bia noastr\u0103 de lider pe pia\u021ba mondial\u0103 sunt [&hellip;]<\/p>\n","protected":false},"author":2,"featured_media":0,"parent":0,"menu_order":0,"comment_status":"closed","ping_status":"closed","template":"page\/quality_policy-new.php","meta":[],"acf":[],"yoast_head":"<!-- This site is optimized with the Yoast SEO plugin v15.8 - https:\/\/yoast.com\/wordpress\/plugins\/seo\/ -->\n<title>\u041f\u043e\u043b\u0438\u0442\u0438\u043a\u0430 \u043a\u0430\u0447\u0435\u0441\u0442\u0432\u0430 \u0433\u0440\u0443\u043f\u043f\u044b \u041b\u0430\u043a\u0442\u0430\u043b\u0438\u0441 - Lactalis Alba<\/title>\n<meta name=\"robots\" content=\"index, follow, max-snippet:-1, max-image-preview:large, max-video-preview:-1\" \/>\n<link rel=\"canonical\" href=\"https:\/\/lactalis-alba.md\/ru\/politika-kachestva\/\" \/>\n<meta property=\"og:locale\" content=\"ru_RU\" \/>\n<meta property=\"og:type\" content=\"article\" \/>\n<meta property=\"og:title\" content=\"\u041f\u043e\u043b\u0438\u0442\u0438\u043a\u0430 \u043a\u0430\u0447\u0435\u0441\u0442\u0432\u0430 \u0433\u0440\u0443\u043f\u043f\u044b \u041b\u0430\u043a\u0442\u0430\u043b\u0438\u0441 - Lactalis Alba\" \/>\n<meta property=\"og:description\" content=\"Cele 2 condi\u021bii cheie pentru a consolida pozi\u021bia noastr\u0103 de lider pe pia\u021ba mondial\u0103 sunt [&hellip;]\" \/>\n<meta property=\"og:url\" content=\"https:\/\/lactalis-alba.md\/ru\/politika-kachestva\/\" \/>\n<meta property=\"og:site_name\" content=\"Lactalis Alba\" \/>\n<meta property=\"article:publisher\" content=\"https:\/\/www.facebook.com\/Lactalis-group-143310162402399\/\" \/>\n<meta property=\"article:modified_time\" content=\"2022-04-14T13:52:48+00:00\" \/>\n<meta property=\"og:image\" content=\"https:\/\/lactalis-alba.md\/wp-content\/uploads\/2019\/05\/lactalis.png\" \/>\n\t<meta property=\"og:image:width\" content=\"1310\" \/>\n\t<meta property=\"og:image:height\" content=\"938\" \/>\n<meta name=\"twitter:card\" content=\"summary_large_image\" \/>\n<meta name=\"twitter:site\" content=\"@groupe_lactalis\" \/>\n<script type=\"application\/ld+json\" class=\"yoast-schema-graph\">{\"@context\":\"https:\/\/schema.org\",\"@graph\":[{\"@type\":\"Organization\",\"@id\":\"https:\/\/lactalis-alba.md\/#organization\",\"name\":\"Lactalis Alba\",\"url\":\"https:\/\/lactalis-alba.md\/\",\"sameAs\":[\"https:\/\/www.facebook.com\/Lactalis-group-143310162402399\/\",\"https:\/\/www.instagram.com\/p\/BwEx80KHVVA\/\",\"https:\/\/twitter.com\/groupe_lactalis\"],\"logo\":{\"@type\":\"ImageObject\",\"@id\":\"https:\/\/lactalis-alba.md\/#logo\",\"inLanguage\":\"ru-RU\",\"url\":\"https:\/\/lactalis-alba.md\/wp-content\/uploads\/2019\/05\/logo-1.png\",\"width\":179,\"height\":59,\"caption\":\"Lactalis Alba\"},\"image\":{\"@id\":\"https:\/\/lactalis-alba.md\/#logo\"}},{\"@type\":\"WebSite\",\"@id\":\"https:\/\/lactalis-alba.md\/#website\",\"url\":\"https:\/\/lactalis-alba.md\/\",\"name\":\"Lactalis Alba\",\"description\":\"\",\"publisher\":{\"@id\":\"https:\/\/lactalis-alba.md\/#organization\"},\"potentialAction\":[{\"@type\":\"SearchAction\",\"target\":\"https:\/\/lactalis-alba.md\/?s={search_term_string}\",\"query-input\":\"required name=search_term_string\"}],\"inLanguage\":\"ru-RU\"},{\"@type\":\"WebPage\",\"@id\":\"https:\/\/lactalis-alba.md\/ru\/politika-kachestva\/#webpage\",\"url\":\"https:\/\/lactalis-alba.md\/ru\/politika-kachestva\/\",\"name\":\"\\u041f\\u043e\\u043b\\u0438\\u0442\\u0438\\u043a\\u0430 \\u043a\\u0430\\u0447\\u0435\\u0441\\u0442\\u0432\\u0430 \\u0433\\u0440\\u0443\\u043f\\u043f\\u044b \\u041b\\u0430\\u043a\\u0442\\u0430\\u043b\\u0438\\u0441 - Lactalis Alba\",\"isPartOf\":{\"@id\":\"https:\/\/lactalis-alba.md\/#website\"},\"datePublished\":\"2022-04-14T06:18:29+00:00\",\"dateModified\":\"2022-04-14T13:52:48+00:00\",\"breadcrumb\":{\"@id\":\"https:\/\/lactalis-alba.md\/ru\/politika-kachestva\/#breadcrumb\"},\"inLanguage\":\"ru-RU\",\"potentialAction\":[{\"@type\":\"ReadAction\",\"target\":[\"https:\/\/lactalis-alba.md\/ru\/politika-kachestva\/\"]}]},{\"@type\":\"BreadcrumbList\",\"@id\":\"https:\/\/lactalis-alba.md\/ru\/politika-kachestva\/#breadcrumb\",\"itemListElement\":[{\"@type\":\"ListItem\",\"position\":1,\"item\":{\"@type\":\"WebPage\",\"@id\":\"https:\/\/lactalis-alba.md\/ru\/\",\"url\":\"https:\/\/lactalis-alba.md\/ru\/\",\"name\":\"Home\"}},{\"@type\":\"ListItem\",\"position\":2,\"item\":{\"@type\":\"WebPage\",\"@id\":\"https:\/\/lactalis-alba.md\/ru\/politika-kachestva\/\",\"url\":\"https:\/\/lactalis-alba.md\/ru\/politika-kachestva\/\",\"name\":\"\\u041f\\u043e\\u043b\\u0438\\u0442\\u0438\\u043a\\u0430 \\u043a\\u0430\\u0447\\u0435\\u0441\\u0442\\u0432\\u0430 \\u0433\\u0440\\u0443\\u043f\\u043f\\u044b \\u041b\\u0430\\u043a\\u0442\\u0430\\u043b\\u0438\\u0441\"}}]}]}<\/script>\n<!-- \/ Yoast SEO plugin. -->","_links":{"self":[{"href":"https:\/\/lactalis-alba.md\/ru\/wp-json\/wp\/v2\/pages\/976"}],"collection":[{"href":"https:\/\/lactalis-alba.md\/ru\/wp-json\/wp\/v2\/pages"}],"about":[{"href":"https:\/\/lactalis-alba.md\/ru\/wp-json\/wp\/v2\/types\/page"}],"author":[{"embeddable":true,"href":"https:\/\/lactalis-alba.md\/ru\/wp-json\/wp\/v2\/users\/2"}],"replies":[{"embeddable":true,"href":"https:\/\/lactalis-alba.md\/ru\/wp-json\/wp\/v2\/comments?post=976"}],"version-history":[{"count":3,"href":"https:\/\/lactalis-alba.md\/ru\/wp-json\/wp\/v2\/pages\/976\/revisions"}],"predecessor-version":[{"id":986,"href":"https:\/\/lactalis-alba.md\/ru\/wp-json\/wp\/v2\/pages\/976\/revisions\/986"}],"wp:attachment":[{"href":"https:\/\/lactalis-alba.md\/ru\/wp-json\/wp\/v2\/media?parent=976"}],"curies":[{"name":"wp","href":"https:\/\/api.w.org\/{rel}","templated":true}]}}